{"id":21,"date":"2025-03-27T07:05:15","date_gmt":"2025-03-27T07:05:15","guid":{"rendered":"https:\/\/p3rso-hub.com\/?page_id=21"},"modified":"2025-03-29T08:17:31","modified_gmt":"2025-03-29T08:17:31","slug":"services","status":"publish","type":"page","link":"https:\/\/p3rso-hub.com\/fr\/services\/","title":{"rendered":"Services"},"content":{"rendered":"<div data-elementor-type=\"wp-page\" data-elementor-id=\"21\" class=\"elementor elementor-21\">\n\t\t\t\t<div class=\"elementor-element elementor-element-ed30412 e-flex e-con-boxed e-con e-parent\" data-id=\"ed30412\" data-element_type=\"container\" data-e-type=\"container\">\n\t\t\t\t\t<div class=\"e-con-inner\">\n\t\t\t\t<div class=\"elementor-element elementor-element-3e115aa elementor-widget elementor-widget-heading\" data-id=\"3e115aa\" data-element_type=\"widget\" data-e-type=\"widget\" data-widget_type=\"heading.default\">\n\t\t\t\t<div class=\"elementor-widget-container\">\n\t\t\t\t\t<h2 class=\"elementor-heading-title elementor-size-default\">Vision<\/h2>\t\t\t\t<\/div>\n\t\t\t\t<\/div>\n\t\t<div class=\"elementor-element elementor-element-b7be1c2 e-grid e-con-full e-con e-child\" data-id=\"b7be1c2\" data-element_type=\"container\" data-e-type=\"container\">\n\t\t<div class=\"elementor-element elementor-element-c9359e0 e-con-full e-flex e-con e-child\" data-id=\"c9359e0\" data-element_type=\"container\" data-e-type=\"container\">\n\t\t\t\t<div class=\"elementor-element elementor-element-0abc564 elementor-widget elementor-widget-image\" data-id=\"0abc564\" data-element_type=\"widget\" data-e-type=\"widget\" data-widget_type=\"image.default\">\n\t\t\t\t<div class=\"elementor-widget-container\">\n\t\t\t\t\t\t\t\t\t\t\t\t\t\t\t<img decoding=\"async\" width=\"117\" height=\"117\" src=\"https:\/\/p3rso-hub.com\/wp-content\/uploads\/2025\/03\/innovation-icon.png\" class=\"attachment-full size-full wp-image-485\" alt=\"\" srcset=\"https:\/\/p3rso-hub.com\/wp-content\/uploads\/2025\/03\/innovation-icon.png 117w, https:\/\/p3rso-hub.com\/wp-content\/uploads\/2025\/03\/innovation-icon-12x12.png 12w\" sizes=\"(max-width: 117px) 100vw, 117px\" \/>\t\t\t\t\t\t\t\t\t\t\t\t\t\t\t<\/div>\n\t\t\t\t<\/div>\n\t\t\t\t<div class=\"elementor-element elementor-element-42ca804 elementor-widget elementor-widget-image\" data-id=\"42ca804\" data-element_type=\"widget\" data-e-type=\"widget\" data-widget_type=\"image.default\">\n\t\t\t\t<div class=\"elementor-widget-container\">\n\t\t\t\t\t\t\t\t\t\t\t\t\t\t\t<img fetchpriority=\"high\" decoding=\"async\" width=\"566\" height=\"270\" src=\"https:\/\/p3rso-hub.com\/wp-content\/uploads\/2025\/03\/Innovation-1.png\" class=\"attachment-full size-full wp-image-536\" alt=\"\" srcset=\"https:\/\/p3rso-hub.com\/wp-content\/uploads\/2025\/03\/Innovation-1.png 566w, https:\/\/p3rso-hub.com\/wp-content\/uploads\/2025\/03\/Innovation-1-300x143.png 300w, https:\/\/p3rso-hub.com\/wp-content\/uploads\/2025\/03\/Innovation-1-18x9.png 18w\" sizes=\"(max-width: 566px) 100vw, 566px\" \/>\t\t\t\t\t\t\t\t\t\t\t\t\t\t\t<\/div>\n\t\t\t\t<\/div>\n\t\t\t\t<\/div>\n\t\t<div class=\"elementor-element elementor-element-9924da2 e-con-full e-flex e-con e-child\" data-id=\"9924da2\" data-element_type=\"container\" data-e-type=\"container\">\n\t\t\t\t<div class=\"elementor-element elementor-element-fbca701 elementor-widget elementor-widget-heading\" data-id=\"fbca701\" data-element_type=\"widget\" data-e-type=\"widget\" data-widget_type=\"heading.default\">\n\t\t\t\t<div class=\"elementor-widget-container\">\n\t\t\t\t\t<h2 class=\"elementor-heading-title elementor-size-default\">Innovation<\/h2>\t\t\t\t<\/div>\n\t\t\t\t<\/div>\n\t\t\t\t<div class=\"elementor-element elementor-element-557425c elementor-widget elementor-widget-text-editor\" data-id=\"557425c\" data-element_type=\"widget\" data-e-type=\"widget\" data-widget_type=\"text-editor.default\">\n\t\t\t\t<div class=\"elementor-widget-container\">\n\t\t\t\t\t\t\t\t\t<p>Notre engagement pour l'innovation guide chaque \u00e9tape de notre recherche et d\u00e9veloppement. Nous cherchons continuellement \u00e0 repousser les limites des connaissances et des techniques pour cr\u00e9er des solutions th\u00e9rapeutiques nouvelles et audacieuses, adapt\u00e9es aux besoins \u00e9volutifs des personnes vivant avec un trouble de personnalit\u00e9 limite.<\/p>\t\t\t\t\t\t\t\t<\/div>\n\t\t\t\t<\/div>\n\t\t\t\t<\/div>\n\t\t\t\t<\/div>\n\t\t\t\t<div class=\"elementor-element elementor-element-a69aa26 elementor-widget elementor-widget-image\" data-id=\"a69aa26\" data-element_type=\"widget\" data-e-type=\"widget\" data-widget_type=\"image.default\">\n\t\t\t\t<div class=\"elementor-widget-container\">\n\t\t\t\t\t\t\t\t\t\t\t\t\t\t\t<img decoding=\"async\" width=\"231\" height=\"136\" src=\"https:\/\/p3rso-hub.com\/wp-content\/uploads\/2025\/03\/line-1.png\" class=\"attachment-full size-full wp-image-523\" alt=\"\" srcset=\"https:\/\/p3rso-hub.com\/wp-content\/uploads\/2025\/03\/line-1.png 231w, https:\/\/p3rso-hub.com\/wp-content\/uploads\/2025\/03\/line-1-18x12.png 18w\" sizes=\"(max-width: 231px) 100vw, 231px\" \/>\t\t\t\t\t\t\t\t\t\t\t\t\t\t\t<\/div>\n\t\t\t\t<\/div>\n\t\t<div class=\"elementor-element elementor-element-5ce8cdf e-grid e-con-full e-con e-child\" data-id=\"5ce8cdf\" data-element_type=\"container\" data-e-type=\"container\">\n\t\t<div class=\"elementor-element elementor-element-fcd3ca6 e-con-full e-flex e-con e-child\" data-id=\"fcd3ca6\" data-element_type=\"container\" data-e-type=\"container\">\n\t\t\t\t<div class=\"elementor-element elementor-element-a1d649e elementor-hidden-widescreen elementor-hidden-desktop elementor-hidden-laptop elementor-hidden-tablet_extra elementor-hidden-tablet elementor-hidden-mobile_extra elementor-widget elementor-widget-image\" data-id=\"a1d649e\" data-element_type=\"widget\" data-e-type=\"widget\" data-widget_type=\"image.default\">\n\t\t\t\t<div class=\"elementor-widget-container\">\n\t\t\t\t\t\t\t\t\t\t\t\t\t\t\t<img loading=\"lazy\" decoding=\"async\" width=\"117\" height=\"117\" src=\"https:\/\/p3rso-hub.com\/wp-content\/uploads\/2025\/03\/Hope-Icon.png\" class=\"attachment-full size-full wp-image-567\" alt=\"\" srcset=\"https:\/\/p3rso-hub.com\/wp-content\/uploads\/2025\/03\/Hope-Icon.png 117w, https:\/\/p3rso-hub.com\/wp-content\/uploads\/2025\/03\/Hope-Icon-12x12.png 12w\" sizes=\"(max-width: 117px) 100vw, 117px\" \/>\t\t\t\t\t\t\t\t\t\t\t\t\t\t\t<\/div>\n\t\t\t\t<\/div>\n\t\t\t\t<div class=\"elementor-element elementor-element-f725f4d elementor-hidden-widescreen elementor-hidden-desktop elementor-hidden-laptop elementor-hidden-tablet_extra elementor-hidden-tablet elementor-hidden-mobile_extra elementor-widget elementor-widget-image\" data-id=\"f725f4d\" data-element_type=\"widget\" data-e-type=\"widget\" data-widget_type=\"image.default\">\n\t\t\t\t<div class=\"elementor-widget-container\">\n\t\t\t\t\t\t\t\t\t\t\t\t\t\t\t<img loading=\"lazy\" decoding=\"async\" width=\"587\" height=\"317\" src=\"https:\/\/p3rso-hub.com\/wp-content\/uploads\/2025\/03\/Hope.png\" class=\"attachment-full size-full wp-image-577\" alt=\"\" srcset=\"https:\/\/p3rso-hub.com\/wp-content\/uploads\/2025\/03\/Hope.png 587w, https:\/\/p3rso-hub.com\/wp-content\/uploads\/2025\/03\/Hope-300x162.png 300w, https:\/\/p3rso-hub.com\/wp-content\/uploads\/2025\/03\/Hope-18x10.png 18w\" sizes=\"(max-width: 587px) 100vw, 587px\" \/>\t\t\t\t\t\t\t\t\t\t\t\t\t\t\t<\/div>\n\t\t\t\t<\/div>\n\t\t\t\t<div class=\"elementor-element elementor-element-3f784d0 elementor-widget elementor-widget-heading\" data-id=\"3f784d0\" data-element_type=\"widget\" data-e-type=\"widget\" data-widget_type=\"heading.default\">\n\t\t\t\t<div class=\"elementor-widget-container\">\n\t\t\t\t\t<h2 class=\"elementor-heading-title elementor-size-default\">Espoir<\/h2>\t\t\t\t<\/div>\n\t\t\t\t<\/div>\n\t\t\t\t<div class=\"elementor-element elementor-element-dc6dcfa elementor-widget elementor-widget-text-editor\" data-id=\"dc6dcfa\" data-element_type=\"widget\" data-e-type=\"widget\" data-widget_type=\"text-editor.default\">\n\t\t\t\t<div class=\"elementor-widget-container\">\n\t\t\t\t\t\t\t\t\t<p>Nous portons l\u2019espoir de faire une r\u00e9elle diff\u00e9rence dans la vie des personnes vivant avec un TPL. Cet espoir est le moteur de notre travail, nous poussant \u00e0 explorer des approches th\u00e9rapeutiques qui offrent aux patients un avenir meilleur et plus serein. En int\u00e9grant cet espoir dans nos recherches, nous nous engageons \u00e0 d\u00e9velopper des interventions qui inspirent et soutiennent le processus de r\u00e9tablissement. Par notre travail de recherche, nous souhaitons donner espoir et le propager.<\/p>\t\t\t\t\t\t\t\t<\/div>\n\t\t\t\t<\/div>\n\t\t\t\t<\/div>\n\t\t<div class=\"elementor-element elementor-element-1d7f49d e-con-full e-flex e-con e-child\" data-id=\"1d7f49d\" data-element_type=\"container\" data-e-type=\"container\">\n\t\t\t\t<div class=\"elementor-element elementor-element-641d4c5 elementor-hidden-mobile elementor-widget elementor-widget-image\" data-id=\"641d4c5\" data-element_type=\"widget\" data-e-type=\"widget\" data-widget_type=\"image.default\">\n\t\t\t\t<div class=\"elementor-widget-container\">\n\t\t\t\t\t\t\t\t\t\t\t\t\t\t\t<img loading=\"lazy\" decoding=\"async\" width=\"117\" height=\"117\" src=\"https:\/\/p3rso-hub.com\/wp-content\/uploads\/2025\/03\/Hope-Icon.png\" class=\"attachment-full size-full wp-image-567\" alt=\"\" srcset=\"https:\/\/p3rso-hub.com\/wp-content\/uploads\/2025\/03\/Hope-Icon.png 117w, https:\/\/p3rso-hub.com\/wp-content\/uploads\/2025\/03\/Hope-Icon-12x12.png 12w\" sizes=\"(max-width: 117px) 100vw, 117px\" \/>\t\t\t\t\t\t\t\t\t\t\t\t\t\t\t<\/div>\n\t\t\t\t<\/div>\n\t\t\t\t<div class=\"elementor-element elementor-element-74d078a elementor-hidden-mobile elementor-widget elementor-widget-image\" data-id=\"74d078a\" data-element_type=\"widget\" data-e-type=\"widget\" data-widget_type=\"image.default\">\n\t\t\t\t<div class=\"elementor-widget-container\">\n\t\t\t\t\t\t\t\t\t\t\t\t\t\t\t<img loading=\"lazy\" decoding=\"async\" width=\"587\" height=\"317\" src=\"https:\/\/p3rso-hub.com\/wp-content\/uploads\/2025\/03\/Hope.png\" class=\"attachment-full size-full wp-image-577\" alt=\"\" srcset=\"https:\/\/p3rso-hub.com\/wp-content\/uploads\/2025\/03\/Hope.png 587w, https:\/\/p3rso-hub.com\/wp-content\/uploads\/2025\/03\/Hope-300x162.png 300w, https:\/\/p3rso-hub.com\/wp-content\/uploads\/2025\/03\/Hope-18x10.png 18w\" sizes=\"(max-width: 587px) 100vw, 587px\" \/>\t\t\t\t\t\t\t\t\t\t\t\t\t\t\t<\/div>\n\t\t\t\t<\/div>\n\t\t\t\t<\/div>\n\t\t\t\t<\/div>\n\t\t\t\t<div class=\"elementor-element elementor-element-e283429 elementor-widget elementor-widget-image\" data-id=\"e283429\" data-element_type=\"widget\" data-e-type=\"widget\" data-widget_type=\"image.default\">\n\t\t\t\t<div class=\"elementor-widget-container\">\n\t\t\t\t\t\t\t\t\t\t\t\t\t\t\t<img loading=\"lazy\" decoding=\"async\" width=\"209\" height=\"174\" src=\"https:\/\/p3rso-hub.com\/wp-content\/uploads\/2025\/03\/line-2.png\" class=\"attachment-full size-full wp-image-605\" alt=\"\" srcset=\"https:\/\/p3rso-hub.com\/wp-content\/uploads\/2025\/03\/line-2.png 209w, https:\/\/p3rso-hub.com\/wp-content\/uploads\/2025\/03\/line-2-14x12.png 14w\" sizes=\"(max-width: 209px) 100vw, 209px\" \/>\t\t\t\t\t\t\t\t\t\t\t\t\t\t\t<\/div>\n\t\t\t\t<\/div>\n\t\t<div class=\"elementor-element elementor-element-96be777 e-grid e-con-full e-con e-child\" data-id=\"96be777\" data-element_type=\"container\" data-e-type=\"container\">\n\t\t<div class=\"elementor-element elementor-element-6c8186b e-con-full e-flex e-con e-child\" data-id=\"6c8186b\" data-element_type=\"container\" data-e-type=\"container\">\n\t\t\t\t<div class=\"elementor-element elementor-element-13015e6 elementor-widget elementor-widget-image\" data-id=\"13015e6\" data-element_type=\"widget\" data-e-type=\"widget\" data-widget_type=\"image.default\">\n\t\t\t\t<div class=\"elementor-widget-container\">\n\t\t\t\t\t\t\t\t\t\t\t\t\t\t\t<img loading=\"lazy\" decoding=\"async\" width=\"117\" height=\"117\" src=\"https:\/\/p3rso-hub.com\/wp-content\/uploads\/2025\/03\/Empathy-Icon-1.png\" class=\"attachment-full size-full wp-image-635\" alt=\"\" srcset=\"https:\/\/p3rso-hub.com\/wp-content\/uploads\/2025\/03\/Empathy-Icon-1.png 117w, https:\/\/p3rso-hub.com\/wp-content\/uploads\/2025\/03\/Empathy-Icon-1-12x12.png 12w\" sizes=\"(max-width: 117px) 100vw, 117px\" \/>\t\t\t\t\t\t\t\t\t\t\t\t\t\t\t<\/div>\n\t\t\t\t<\/div>\n\t\t\t\t<div class=\"elementor-element elementor-element-f63ad61 elementor-widget elementor-widget-image\" data-id=\"f63ad61\" data-element_type=\"widget\" data-e-type=\"widget\" data-widget_type=\"image.default\">\n\t\t\t\t<div class=\"elementor-widget-container\">\n\t\t\t\t\t\t\t\t\t\t\t\t\t\t\t<img loading=\"lazy\" decoding=\"async\" width=\"477\" height=\"392\" src=\"https:\/\/p3rso-hub.com\/wp-content\/uploads\/2025\/03\/Empathy.png\" class=\"attachment-full size-full wp-image-616\" alt=\"\" srcset=\"https:\/\/p3rso-hub.com\/wp-content\/uploads\/2025\/03\/Empathy.png 477w, https:\/\/p3rso-hub.com\/wp-content\/uploads\/2025\/03\/Empathy-300x247.png 300w, https:\/\/p3rso-hub.com\/wp-content\/uploads\/2025\/03\/Empathy-15x12.png 15w\" sizes=\"(max-width: 477px) 100vw, 477px\" \/>\t\t\t\t\t\t\t\t\t\t\t\t\t\t\t<\/div>\n\t\t\t\t<\/div>\n\t\t\t\t<\/div>\n\t\t<div class=\"elementor-element elementor-element-8a9ff38 e-con-full e-flex e-con e-child\" data-id=\"8a9ff38\" data-element_type=\"container\" data-e-type=\"container\">\n\t\t\t\t<div class=\"elementor-element elementor-element-24e0589 elementor-widget elementor-widget-heading\" data-id=\"24e0589\" data-element_type=\"widget\" data-e-type=\"widget\" data-widget_type=\"heading.default\">\n\t\t\t\t<div class=\"elementor-widget-container\">\n\t\t\t\t\t<h2 class=\"elementor-heading-title elementor-size-default\">Empathie et Personnalisation<\/h2>\t\t\t\t<\/div>\n\t\t\t\t<\/div>\n\t\t\t\t<div class=\"elementor-element elementor-element-5cc537a elementor-widget elementor-widget-text-editor\" data-id=\"5cc537a\" data-element_type=\"widget\" data-e-type=\"widget\" data-widget_type=\"text-editor.default\">\n\t\t\t\t<div class=\"elementor-widget-container\">\n\t\t\t\t\t\t\t\t\t<p>Nous croyons en une approche centr\u00e9e sur la personne et inclusive, o\u00f9 chaque individu est consid\u00e9r\u00e9 dans sa singularit\u00e9 et avec compassion. En int\u00e9grant activement les patients et leurs exp\u00e9riences dans notre recherche, nous visons \u00e0 concevoir des solutions qui non seulement r\u00e9pondent \u00e0 leurs besoins sp\u00e9cifiques mais valorisent leur r\u00e9tablissement tout en respectant leurs valeurs. Nous souhaitons am\u00e9liorer la satisfaction des personnes dans le r\u00e9seau de soins, favoriser l\u2019int\u00e9gration de leurs proches et de leur communaut\u00e9.<\/p>\t\t\t\t\t\t\t\t<\/div>\n\t\t\t\t<\/div>\n\t\t\t\t<\/div>\n\t\t\t\t<\/div>\n\t\t\t\t\t<\/div>\n\t\t\t\t<\/div>\n\t\t\t\t<\/div>","protected":false},"excerpt":{"rendered":"<p>Vision Innovation Our commitment to innovation guides every step of our research and development. We continually strive to push the boundaries of knowledge and techniques to create new and bold therapeutic solutions tailored to the evolving needs of individuals living with Borderline Personality Disorder. Hope We carry the hope of making a real difference in [&hellip;]<\/p>\n","protected":false},"author":1,"featured_media":0,"parent":0,"menu_order":0,"comment_status":"closed","ping_status":"closed","template":"elementor_header_footer","meta":{"footnotes":""},"class_list":["post-21","page","type-page","status-publish","hentry"],"_links":{"self":[{"href":"https:\/\/p3rso-hub.com\/fr\/wp-json\/wp\/v2\/pages\/21","targetHints":{"allow":["GET"]}}],"collection":[{"href":"https:\/\/p3rso-hub.com\/fr\/wp-json\/wp\/v2\/pages"}],"about":[{"href":"https:\/\/p3rso-hub.com\/fr\/wp-json\/wp\/v2\/types\/page"}],"author":[{"embeddable":true,"href":"https:\/\/p3rso-hub.com\/fr\/wp-json\/wp\/v2\/users\/1"}],"replies":[{"embeddable":true,"href":"https:\/\/p3rso-hub.com\/fr\/wp-json\/wp\/v2\/comments?post=21"}],"version-history":[{"count":13,"href":"https:\/\/p3rso-hub.com\/fr\/wp-json\/wp\/v2\/pages\/21\/revisions"}],"predecessor-version":[{"id":1404,"href":"https:\/\/p3rso-hub.com\/fr\/wp-json\/wp\/v2\/pages\/21\/revisions\/1404"}],"wp:attachment":[{"href":"https:\/\/p3rso-hub.com\/fr\/wp-json\/wp\/v2\/media?parent=21"}],"curies":[{"name":"wp","href":"https:\/\/api.w.org\/{rel}","templated":true}]}}